{"id":1362,"date":"2020-07-08T10:46:40","date_gmt":"2020-07-08T08:46:40","guid":{"rendered":"http:\/\/generalplastic.melonberries.sk\/produkte\/"},"modified":"2023-02-24T11:03:21","modified_gmt":"2023-02-24T10:03:21","slug":"produkte","status":"publish","type":"page","link":"https:\/\/generalplastic.sk\/de\/produkte\/","title":{"rendered":"Produkte"},"content":{"rendered":"\t\t<div data-elementor-type=\"wp-page\" data-elementor-id=\"1362\" class=\"elementor elementor-1362 elementor-564\">\n\t\t\t\t\t\t<div class=\"elementor-inner\">\n\t\t\t\t<div class=\"elementor-section-wrap\">\n\t\t\t\t\t\t\t\t\t<section class=\"elementor-section elementor-top-section elementor-element elementor-element-342dce00 elementor-reverse-mobile elementor-section-boxed elementor-section-height-default elementor-section-height-default\" data-id=\"342dce00\" data-element_type=\"section\">\n\t\t\t\t\t\t<div class=\"elementor-container elementor-column-gap-wide\">\n\t\t\t\t\t\t\t<div class=\"elementor-row\">\n\t\t\t\t\t<div class=\"elementor-column elementor-col-25 elementor-top-column elementor-element elementor-element-22bab242\" data-id=\"22bab242\" data-element_type=\"column\">\n\t\t\t<div class=\"elementor-column-wrap elementor-element-populated\">\n\t\t\t\t\t\t\t<div class=\"elementor-widget-wrap\">\n\t\t\t\t\t\t<section class=\"elementor-section elementor-inner-section elementor-element elementor-element-5bf9c5e5 elementor-section-height-min-height hover-services elementor-section-boxed elementor-section-height-default\" data-id=\"5bf9c5e5\" data-element_type=\"section\" data-settings=\"{&quot;background_background&quot;:&quot;classic&quot;}\">\n\t\t\t\t\t\t<div class=\"elementor-container elementor-column-gap-default\">\n\t\t\t\t\t\t\t<div class=\"elementor-row\">\n\t\t\t\t\t<div class=\"elementor-column elementor-col-100 elementor-inner-column elementor-element elementor-element-2bc5bb9d\" data-id=\"2bc5bb9d\" data-element_type=\"column\">\n\t\t\t<div class=\"elementor-column-wrap elementor-element-populated\">\n\t\t\t\t\t\t\t<div class=\"elementor-widget-wrap\">\n\t\t\t\t\t\t<div class=\"elementor-element elementor-element-4feab326 elementor-widget elementor-widget-heading\" data-id=\"4feab326\" data-element_type=\"widget\" data-widget_type=\"heading.default\">\n\t\t\t\t<div class=\"elementor-widget-container\">\n\t\t\t<h2 class=\"elementor-heading-title elementor-size-default\">Herstellung von PET-Flocken<\/h2>\t\t<\/div>\n\t\t\t\t<\/div>\n\t\t\t\t\t\t<\/div>\n\t\t\t\t\t<\/div>\n\t\t<\/div>\n\t\t\t\t\t\t\t\t<\/div>\n\t\t\t\t\t<\/div>\n\t\t<\/section>\n\t\t\t\t<section class=\"elementor-section elementor-inner-section elementor-element elementor-element-76e3b0a2 elementor-section-height-min-height hover-services elementor-section-boxed elementor-section-height-default\" data-id=\"76e3b0a2\" data-element_type=\"section\" data-settings=\"{&quot;background_background&quot;:&quot;classic&quot;}\">\n\t\t\t\t\t\t<div class=\"elementor-container elementor-column-gap-default\">\n\t\t\t\t\t\t\t<div class=\"elementor-row\">\n\t\t\t\t\t<div class=\"elementor-column elementor-col-100 elementor-inner-column elementor-element elementor-element-5a4f3aa4\" data-id=\"5a4f3aa4\" data-element_type=\"column\">\n\t\t\t<div class=\"elementor-column-wrap elementor-element-populated\">\n\t\t\t\t\t\t\t<div class=\"elementor-widget-wrap\">\n\t\t\t\t\t\t<div class=\"elementor-element elementor-element-4657395f elementor-widget elementor-widget-heading\" data-id=\"4657395f\" data-element_type=\"widget\" data-widget_type=\"heading.default\">\n\t\t\t\t<div class=\"elementor-widget-container\">\n\t\t\t<h2 class=\"elementor-heading-title elementor-size-default\">Produktion von PET-Regranulat in Lebensmittelqualit\u00e4t<\/h2>\t\t<\/div>\n\t\t\t\t<\/div>\n\t\t\t\t\t\t<\/div>\n\t\t\t\t\t<\/div>\n\t\t<\/div>\n\t\t\t\t\t\t\t\t<\/div>\n\t\t\t\t\t<\/div>\n\t\t<\/section>\n\t\t\t\t\t\t<\/div>\n\t\t\t\t\t<\/div>\n\t\t<\/div>\n\t\t\t\t<div class=\"elementor-column elementor-col-25 elementor-top-column elementor-element elementor-element-b0583d1\" data-id=\"b0583d1\" data-element_type=\"column\">\n\t\t\t<div class=\"elementor-column-wrap elementor-element-populated\">\n\t\t\t\t\t\t\t<div class=\"elementor-widget-wrap\">\n\t\t\t\t\t\t<section class=\"elementor-section elementor-inner-section elementor-element elementor-element-285c128c elementor-section-height-min-height hover-services elementor-section-boxed elementor-section-height-default\" data-id=\"285c128c\" data-element_type=\"section\" data-settings=\"{&quot;background_background&quot;:&quot;classic&quot;}\">\n\t\t\t\t\t\t<div class=\"elementor-container elementor-column-gap-default\">\n\t\t\t\t\t\t\t<div class=\"elementor-row\">\n\t\t\t\t\t<div class=\"elementor-column elementor-col-100 elementor-inner-column elementor-element elementor-element-1f8db284\" data-id=\"1f8db284\" data-element_type=\"column\">\n\t\t\t<div class=\"elementor-column-wrap elementor-element-populated\">\n\t\t\t\t\t\t\t<div class=\"elementor-widget-wrap\">\n\t\t\t\t\t\t<div class=\"elementor-element elementor-element-4fb643d9 elementor-widget elementor-widget-heading\" data-id=\"4fb643d9\" data-element_type=\"widget\" data-widget_type=\"heading.default\">\n\t\t\t\t<div class=\"elementor-widget-container\">\n\t\t\t<h2 class=\"elementor-heading-title elementor-size-default\">Herstellung von PET-Pressrohlingen<\/h2>\t\t<\/div>\n\t\t\t\t<\/div>\n\t\t\t\t\t\t<\/div>\n\t\t\t\t\t<\/div>\n\t\t<\/div>\n\t\t\t\t\t\t\t\t<\/div>\n\t\t\t\t\t<\/div>\n\t\t<\/section>\n\t\t\t\t<section class=\"elementor-section elementor-inner-section elementor-element elementor-element-6c961bff elementor-section-height-min-height sluzby elementor-hidden-desktop elementor-hidden-tablet elementor-hidden-mobile elementor-section-boxed elementor-section-height-default\" data-id=\"6c961bff\" data-element_type=\"section\" id=\"sluzby-hover\" data-settings=\"{&quot;background_background&quot;:&quot;classic&quot;}\">\n\t\t\t\t\t\t<div class=\"elementor-container elementor-column-gap-default\">\n\t\t\t\t\t\t\t<div class=\"elementor-row\">\n\t\t\t\t\t<div class=\"make-column-clickable-elementor elementor-column elementor-col-100 elementor-inner-column elementor-element elementor-element-43a4c8b1\" style=\"cursor: pointer;\" data-column-clickable=\"https:\/\/generalplastic.sk\/vyroba-hdpe-uzaverov\/\" data-column-clickable-blank=\"_self\" data-id=\"43a4c8b1\" data-element_type=\"column\">\n\t\t\t<div class=\"elementor-column-wrap elementor-element-populated\">\n\t\t\t\t\t\t\t<div class=\"elementor-widget-wrap\">\n\t\t\t\t\t\t<div class=\"elementor-element elementor-element-caf027b elementor-widget elementor-widget-heading\" data-id=\"caf027b\" data-element_type=\"widget\" data-widget_type=\"heading.default\">\n\t\t\t\t<div class=\"elementor-widget-container\">\n\t\t\t<h2 class=\"elementor-heading-title elementor-size-default\">Herstellung von HDPE-Verschl\u00fcssen <\/h2>\t\t<\/div>\n\t\t\t\t<\/div>\n\t\t\t\t\t\t<\/div>\n\t\t\t\t\t<\/div>\n\t\t<\/div>\n\t\t\t\t\t\t\t\t<\/div>\n\t\t\t\t\t<\/div>\n\t\t<\/section>\n\t\t\t\t\t\t<\/div>\n\t\t\t\t\t<\/div>\n\t\t<\/div>\n\t\t\t\t<div class=\"elementor-column elementor-col-50 elementor-top-column elementor-element elementor-element-66883255\" data-id=\"66883255\" data-element_type=\"column\">\n\t\t\t<div class=\"elementor-column-wrap elementor-element-populated\">\n\t\t\t\t\t\t\t<div class=\"elementor-widget-wrap\">\n\t\t\t\t\t\t<div class=\"elementor-element elementor-element-5908bfa elementor-widget elementor-widget-heading\" data-id=\"5908bfa\" data-element_type=\"widget\" data-widget_type=\"heading.default\">\n\t\t\t\t<div class=\"elementor-widget-container\">\n\t\t\t<h2 class=\"elementor-heading-title elementor-size-default\">Produkte und Dienstleistungen<\/h2>\t\t<\/div>\n\t\t\t\t<\/div>\n\t\t\t\t<div class=\"elementor-element elementor-element-431a1fc7 elementor-widget elementor-widget-text-editor\" data-id=\"431a1fc7\" data-element_type=\"widget\" data-widget_type=\"text-editor.default\">\n\t\t\t\t<div class=\"elementor-widget-container\">\n\t\t\t\t\t\t\t\t<div class=\"elementor-text-editor elementor-clearfix\">\n\t\t\t\t<p>Wir sind ein f\u00fchrender Hersteller von hei\u00dfgewaschenen PET-Flakes und der einzige Hersteller von lebensmitteltauglichem PET-Regranulat und PET-Preforms in der Slowakei. Wir recyceln gebrauchte PET-Flaschen und verwenden unsere recycelten Produkte zur Herstellung von PET-Preforms.<\/p>\t\t\t\t\t<\/div>\n\t\t\t\t\t\t<\/div>\n\t\t\t\t<\/div>\n\t\t\t\t\t\t<\/div>\n\t\t\t\t\t<\/div>\n\t\t<\/div>\n\t\t\t\t\t\t\t\t<\/div>\n\t\t\t\t\t<\/div>\n\t\t<\/section>\n\t\t\t\t\t\t\t\t\t<\/div>\n\t\t\t<\/div>\n\t\t\t\t\t<\/div>\n\t\t","protected":false},"excerpt":{"rendered":"<p>Herstellung von PET-Flocken Produktion von PET-Regranulat in Lebensmittelqualit\u00e4t Herstellung von PET-Pressrohlingen Herstellung von HDPE-Verschl\u00fcssen Produkte und Dienstleistungen Wir sind ein f\u00fchrender Hersteller von hei\u00dfgewaschenen PET-Flakes und der einzige Hersteller von lebensmitteltauglichem PET-Regranulat und PET-Preforms in der Slowakei. Wir recyceln gebrauchte PET-Flaschen und verwenden unsere recycelten Produkte zur Herstellung von PET-Preforms.<\/p>\n","protected":false},"author":1,"featured_media":0,"parent":0,"menu_order":0,"comment_status":"closed","ping_status":"closed","template":"","meta":{"_uag_custom_page_level_css":""},"yoast_head":"<!-- This site is optimized with the Yoast SEO plugin v20.5 - https:\/\/yoast.com\/wordpress\/plugins\/seo\/ -->\n<title>Produkte und Dienstleistungen | General Plastic<\/title>\n<meta name=\"description\" content=\"Herstellung von hei\u00df gewaschenen PET-Flocken, Herstellung von PET-Pressrohlingen, Verwertung von gebrauchter PET-Flaschen, Herstellung von LDPE Schrumpffolie, Herstellung von HDPE-Verschl\u00fcssen.\" \/>\n<meta name=\"robots\" content=\"index, follow, max-snippet:-1, max-image-preview:large, max-video-preview:-1\" \/>\n<link rel=\"canonical\" href=\"https:\/\/generalplastic.sk\/de\/produkte\/\" \/>\n<meta property=\"og:locale\" content=\"de_DE\" \/>\n<meta property=\"og:type\" content=\"article\" \/>\n<meta property=\"og:title\" content=\"Produkte und Dienstleistungen | General Plastic\" \/>\n<meta property=\"og:description\" content=\"Herstellung von hei\u00df gewaschenen PET-Flocken, Herstellung von PET-Pressrohlingen, Verwertung von gebrauchter PET-Flaschen, Herstellung von LDPE Schrumpffolie, Herstellung von HDPE-Verschl\u00fcssen.\" \/>\n<meta property=\"og:url\" content=\"https:\/\/generalplastic.sk\/de\/produkte\/\" \/>\n<meta property=\"og:site_name\" content=\"General Plastic\" \/>\n<meta property=\"article:modified_time\" content=\"2023-02-24T10:03:21+00:00\" \/>\n<meta name=\"twitter:card\" content=\"summary_large_image\" \/>\n<meta name=\"twitter:label1\" content=\"Gesch\u00e4tzte Lesezeit\" \/>\n\t<meta name=\"twitter:data1\" content=\"1\u00a0Minute\" \/>\n<script type=\"application\/ld+json\" class=\"yoast-schema-graph\">{\"@context\":\"https:\/\/schema.org\",\"@graph\":[{\"@type\":\"WebPage\",\"@id\":\"https:\/\/generalplastic.sk\/de\/produkte\/\",\"url\":\"https:\/\/generalplastic.sk\/de\/produkte\/\",\"name\":\"Produkte und Dienstleistungen | General Plastic\",\"isPartOf\":{\"@id\":\"https:\/\/generalplastic.sk\/#website\"},\"datePublished\":\"2020-07-08T08:46:40+00:00\",\"dateModified\":\"2023-02-24T10:03:21+00:00\",\"description\":\"Herstellung von hei\u00df gewaschenen PET-Flocken, Herstellung von PET-Pressrohlingen, Verwertung von gebrauchter PET-Flaschen, Herstellung von LDPE Schrumpffolie, Herstellung von HDPE-Verschl\u00fcssen.\",\"breadcrumb\":{\"@id\":\"https:\/\/generalplastic.sk\/de\/produkte\/#breadcrumb\"},\"inLanguage\":\"de\",\"potentialAction\":[{\"@type\":\"ReadAction\",\"target\":[\"https:\/\/generalplastic.sk\/de\/produkte\/\"]}]},{\"@type\":\"BreadcrumbList\",\"@id\":\"https:\/\/generalplastic.sk\/de\/produkte\/#breadcrumb\",\"itemListElement\":[{\"@type\":\"ListItem\",\"position\":1,\"name\":\"Domovsk\u00e1 str\u00e1nka\",\"item\":\"https:\/\/generalplastic.sk\/pl\/\"},{\"@type\":\"ListItem\",\"position\":2,\"name\":\"Produkte\"}]},{\"@type\":\"WebSite\",\"@id\":\"https:\/\/generalplastic.sk\/#website\",\"url\":\"https:\/\/generalplastic.sk\/\",\"name\":\"General Plastic\",\"description\":\"\",\"potentialAction\":[{\"@type\":\"SearchAction\",\"target\":{\"@type\":\"EntryPoint\",\"urlTemplate\":\"https:\/\/generalplastic.sk\/?s={search_term_string}\"},\"query-input\":\"required name=search_term_string\"}],\"inLanguage\":\"de\"}]}<\/script>\n<!-- \/ Yoast SEO plugin. -->","yoast_head_json":{"title":"Produkte und Dienstleistungen | General Plastic","description":"Herstellung von hei\u00df gewaschenen PET-Flocken, Herstellung von PET-Pressrohlingen, Verwertung von gebrauchter PET-Flaschen, Herstellung von LDPE Schrumpffolie, Herstellung von HDPE-Verschl\u00fcssen.","robots":{"index":"index","follow":"follow","max-snippet":"max-snippet:-1","max-image-preview":"max-image-preview:large","max-video-preview":"max-video-preview:-1"},"canonical":"https:\/\/generalplastic.sk\/de\/produkte\/","og_locale":"de_DE","og_type":"article","og_title":"Produkte und Dienstleistungen | General Plastic","og_description":"Herstellung von hei\u00df gewaschenen PET-Flocken, Herstellung von PET-Pressrohlingen, Verwertung von gebrauchter PET-Flaschen, Herstellung von LDPE Schrumpffolie, Herstellung von HDPE-Verschl\u00fcssen.","og_url":"https:\/\/generalplastic.sk\/de\/produkte\/","og_site_name":"General Plastic","article_modified_time":"2023-02-24T10:03:21+00:00","twitter_card":"summary_large_image","twitter_misc":{"Gesch\u00e4tzte Lesezeit":"1\u00a0Minute"},"schema":{"@context":"https:\/\/schema.org","@graph":[{"@type":"WebPage","@id":"https:\/\/generalplastic.sk\/de\/produkte\/","url":"https:\/\/generalplastic.sk\/de\/produkte\/","name":"Produkte und Dienstleistungen | General Plastic","isPartOf":{"@id":"https:\/\/generalplastic.sk\/#website"},"datePublished":"2020-07-08T08:46:40+00:00","dateModified":"2023-02-24T10:03:21+00:00","description":"Herstellung von hei\u00df gewaschenen PET-Flocken, Herstellung von PET-Pressrohlingen, Verwertung von gebrauchter PET-Flaschen, Herstellung von LDPE Schrumpffolie, Herstellung von HDPE-Verschl\u00fcssen.","breadcrumb":{"@id":"https:\/\/generalplastic.sk\/de\/produkte\/#breadcrumb"},"inLanguage":"de","potentialAction":[{"@type":"ReadAction","target":["https:\/\/generalplastic.sk\/de\/produkte\/"]}]},{"@type":"BreadcrumbList","@id":"https:\/\/generalplastic.sk\/de\/produkte\/#breadcrumb","itemListElement":[{"@type":"ListItem","position":1,"name":"Domovsk\u00e1 str\u00e1nka","item":"https:\/\/generalplastic.sk\/pl\/"},{"@type":"ListItem","position":2,"name":"Produkte"}]},{"@type":"WebSite","@id":"https:\/\/generalplastic.sk\/#website","url":"https:\/\/generalplastic.sk\/","name":"General Plastic","description":"","potentialAction":[{"@type":"SearchAction","target":{"@type":"EntryPoint","urlTemplate":"https:\/\/generalplastic.sk\/?s={search_term_string}"},"query-input":"required name=search_term_string"}],"inLanguage":"de"}]}},"uagb_featured_image_src":{"full":false,"thumbnail":false,"medium":false,"medium_large":false,"large":false,"1536x1536":false,"2048x2048":false},"uagb_author_info":{"display_name":"mikulasbeskyd","author_link":"https:\/\/generalplastic.sk\/de\/author\/mikulasbeskyd\/"},"uagb_comment_info":0,"uagb_excerpt":"Herstellung von PET-Flocken Produktion von PET-Regranulat in Lebensmittelqualit\u00e4t Herstellung von PET-Pressrohlingen Herstellung von HDPE-Verschl\u00fcssen Produkte und Dienstleistungen Wir sind ein f\u00fchrender Hersteller von hei\u00dfgewaschenen PET-Flakes und der einzige Hersteller von lebensmitteltauglichem PET-Regranulat und PET-Preforms in der Slowakei. Wir recyceln gebrauchte PET-Flaschen und verwenden unsere recycelten Produkte zur Herstellung von PET-Preforms.","_links":{"self":[{"href":"https:\/\/generalplastic.sk\/de\/wp-json\/wp\/v2\/pages\/1362"}],"collection":[{"href":"https:\/\/generalplastic.sk\/de\/wp-json\/wp\/v2\/pages"}],"about":[{"href":"https:\/\/generalplastic.sk\/de\/wp-json\/wp\/v2\/types\/page"}],"author":[{"embeddable":true,"href":"https:\/\/generalplastic.sk\/de\/wp-json\/wp\/v2\/users\/1"}],"replies":[{"embeddable":true,"href":"https:\/\/generalplastic.sk\/de\/wp-json\/wp\/v2\/comments?post=1362"}],"version-history":[{"count":14,"href":"https:\/\/generalplastic.sk\/de\/wp-json\/wp\/v2\/pages\/1362\/revisions"}],"predecessor-version":[{"id":3673,"href":"https:\/\/generalplastic.sk\/de\/wp-json\/wp\/v2\/pages\/1362\/revisions\/3673"}],"wp:attachment":[{"href":"https:\/\/generalplastic.sk\/de\/wp-json\/wp\/v2\/media?parent=1362"}],"curies":[{"name":"wp","href":"https:\/\/api.w.org\/{rel}","templated":true}]}}