{"id":1366,"date":"2020-07-08T11:07:27","date_gmt":"2020-07-08T09:07:27","guid":{"rendered":"http:\/\/generalplastic.melonberries.sk\/kontakt\/"},"modified":"2025-05-14T14:46:35","modified_gmt":"2025-05-14T12:46:35","slug":"kontakt","status":"publish","type":"page","link":"https:\/\/generalplastic.sk\/de\/kontakt\/","title":{"rendered":"Kontakt"},"content":{"rendered":"\t\t<div data-elementor-type=\"wp-page\" data-elementor-id=\"1366\" class=\"elementor elementor-1366 elementor-85\">\n\t\t\t\t\t\t<div class=\"elementor-inner\">\n\t\t\t\t<div class=\"elementor-section-wrap\">\n\t\t\t\t\t\t\t\t\t<section class=\"elementor-section elementor-top-section elementor-element elementor-element-4cdaf3f6 elementor-section-height-min-height elementor-section-boxed elementor-section-height-default elementor-section-items-middle\" data-id=\"4cdaf3f6\" data-element_type=\"section\" data-settings=\"{&quot;background_background&quot;:&quot;classic&quot;}\">\n\t\t\t\t\t\t\t<div class=\"elementor-background-overlay\"><\/div>\n\t\t\t\t\t\t\t<div class=\"elementor-container elementor-column-gap-default\">\n\t\t\t\t\t\t\t<div class=\"elementor-row\">\n\t\t\t\t\t<div class=\"elementor-column elementor-col-100 elementor-top-column elementor-element elementor-element-4df17ee9\" data-id=\"4df17ee9\" data-element_type=\"column\">\n\t\t\t<div class=\"elementor-column-wrap\">\n\t\t\t\t\t\t\t<div class=\"elementor-widget-wrap\">\n\t\t\t\t\t\t\t\t<\/div>\n\t\t\t\t\t<\/div>\n\t\t<\/div>\n\t\t\t\t\t\t\t\t<\/div>\n\t\t\t\t\t<\/div>\n\t\t<\/section>\n\t\t\t\t<section class=\"elementor-section elementor-top-section elementor-element elementor-element-5fcf43e2 elementor-section-boxed elementor-section-height-default elementor-section-height-default\" data-id=\"5fcf43e2\" data-element_type=\"section\" data-settings=\"{&quot;background_background&quot;:&quot;classic&quot;}\">\n\t\t\t\t\t\t\t<div class=\"elementor-background-overlay\"><\/div>\n\t\t\t\t\t\t\t<div class=\"elementor-container elementor-column-gap-default\">\n\t\t\t\t\t\t\t<div class=\"elementor-row\">\n\t\t\t\t\t<div class=\"elementor-column elementor-col-100 elementor-top-column elementor-element elementor-element-2ba6648c\" data-id=\"2ba6648c\" data-element_type=\"column\">\n\t\t\t<div class=\"elementor-column-wrap elementor-element-populated\">\n\t\t\t\t\t\t\t<div class=\"elementor-widget-wrap\">\n\t\t\t\t\t\t<div class=\"elementor-element elementor-element-5e8800de elementor-widget elementor-widget-heading\" data-id=\"5e8800de\" data-element_type=\"widget\" data-widget_type=\"heading.default\">\n\t\t\t\t<div class=\"elementor-widget-container\">\n\t\t\t<h1 class=\"elementor-heading-title elementor-size-default\">Kontaktiere uns<\/h1>\t\t<\/div>\n\t\t\t\t<\/div>\n\t\t\t\t<div class=\"elementor-element elementor-element-1809ce9 elementor-widget elementor-widget-text-editor\" data-id=\"1809ce9\" data-element_type=\"widget\" data-widget_type=\"text-editor.default\">\n\t\t\t\t<div class=\"elementor-widget-container\">\n\t\t\t\t\t\t\t\t<div class=\"elementor-text-editor elementor-clearfix\">\n\t\t\t\t<p><strong>+421 917 125 033, info@generalplastic.sk<\/strong><\/p>\n\t\t\t\t\t<\/div>\n\t\t\t\t\t\t<\/div>\n\t\t\t\t<\/div>\n\t\t\t\t\t\t<\/div>\n\t\t\t\t\t<\/div>\n\t\t<\/div>\n\t\t\t\t\t\t\t\t<\/div>\n\t\t\t\t\t<\/div>\n\t\t<\/section>\n\t\t\t\t<section class=\"elementor-section elementor-top-section elementor-element elementor-element-631b0a3 elementor-section-boxed elementor-section-height-default elementor-section-height-default\" data-id=\"631b0a3\" data-element_type=\"section\">\n\t\t\t\t\t\t<div class=\"elementor-container elementor-column-gap-default\">\n\t\t\t\t\t\t\t<div class=\"elementor-row\">\n\t\t\t\t\t<div class=\"elementor-column elementor-col-100 elementor-top-column elementor-element elementor-element-3f2606b\" data-id=\"3f2606b\" data-element_type=\"column\">\n\t\t\t<div class=\"elementor-column-wrap elementor-element-populated\">\n\t\t\t\t\t\t\t<div class=\"elementor-widget-wrap\">\n\t\t\t\t\t\t<div class=\"elementor-element elementor-element-7a0cfdb5 elementor-widget elementor-widget-heading\" data-id=\"7a0cfdb5\" data-element_type=\"widget\" data-widget_type=\"heading.default\">\n\t\t\t\t<div class=\"elementor-widget-container\">\n\t\t\t<h2 class=\"elementor-heading-title elementor-size-default\">Gesch\u00e4ftsleitung<\/h2>\t\t<\/div>\n\t\t\t\t<\/div>\n\t\t\t\t<section class=\"elementor-section elementor-inner-section elementor-element elementor-element-b01688a elementor-section-boxed elementor-section-height-default elementor-section-height-default\" data-id=\"b01688a\" data-element_type=\"section\">\n\t\t\t\t\t\t<div class=\"elementor-container elementor-column-gap-extended\">\n\t\t\t\t\t\t\t<div class=\"elementor-row\">\n\t\t\t\t\t<div class=\"elementor-column elementor-col-33 elementor-inner-column elementor-element elementor-element-7703ad3\" data-id=\"7703ad3\" data-element_type=\"column\">\n\t\t\t<div class=\"elementor-column-wrap elementor-element-populated\">\n\t\t\t\t\t\t\t<div class=\"elementor-widget-wrap\">\n\t\t\t\t\t\t<div class=\"elementor-element elementor-element-2cb3e891 elementor-widget elementor-widget-text-editor\" data-id=\"2cb3e891\" data-element_type=\"widget\" data-widget_type=\"text-editor.default\">\n\t\t\t\t<div class=\"elementor-widget-container\">\n\t\t\t\t\t\t\t\t<div class=\"elementor-text-editor elementor-clearfix\">\n\t\t\t\t<p><span style=\"color: #1c4594;\"><strong>Generaldirektor<\/strong><\/span><br \/>\nFranti\u0161ek Dole\u017eal<\/p>\n<p>0903 775 126<br \/>\nfrantisek.dolezal@generalplastic.sk<\/p>\n\t\t\t\t\t<\/div>\n\t\t\t\t\t\t<\/div>\n\t\t\t\t<\/div>\n\t\t\t\t\t\t<\/div>\n\t\t\t\t\t<\/div>\n\t\t<\/div>\n\t\t\t\t<div class=\"elementor-column elementor-col-33 elementor-inner-column elementor-element elementor-element-ffe7439\" data-id=\"ffe7439\" data-element_type=\"column\">\n\t\t\t<div class=\"elementor-column-wrap elementor-element-populated\">\n\t\t\t\t\t\t\t<div class=\"elementor-widget-wrap\">\n\t\t\t\t\t\t<div class=\"elementor-element elementor-element-50568c9 elementor-widget elementor-widget-text-editor\" data-id=\"50568c9\" data-element_type=\"widget\" data-widget_type=\"text-editor.default\">\n\t\t\t\t<div class=\"elementor-widget-container\">\n\t\t\t\t\t\t\t\t<div class=\"elementor-text-editor elementor-clearfix\">\n\t\t\t\t<p><span style=\"color: #1c4594;\"><strong>Kaufm\u00e4nnischer Leiter<\/strong><\/span><br \/>\nMiroslav Lukni\u0161<\/p>\n<p>0903 256 792<br \/>\nmiroslav.luknis@generalplastic.sk<\/p>\n\t\t\t\t\t<\/div>\n\t\t\t\t\t\t<\/div>\n\t\t\t\t<\/div>\n\t\t\t\t\t\t<\/div>\n\t\t\t\t\t<\/div>\n\t\t<\/div>\n\t\t\t\t<div class=\"elementor-column elementor-col-33 elementor-inner-column elementor-element elementor-element-608b341\" data-id=\"608b341\" data-element_type=\"column\">\n\t\t\t<div class=\"elementor-column-wrap elementor-element-populated\">\n\t\t\t\t\t\t\t<div class=\"elementor-widget-wrap\">\n\t\t\t\t\t\t<div class=\"elementor-element elementor-element-10841af elementor-widget elementor-widget-text-editor\" data-id=\"10841af\" data-element_type=\"widget\" data-widget_type=\"text-editor.default\">\n\t\t\t\t<div class=\"elementor-widget-container\">\n\t\t\t\t\t\t\t\t<div class=\"elementor-text-editor elementor-clearfix\">\n\t\t\t\t<p><span style=\"color: #1c4594;\"><strong>Direktor f\u00fcr Produktion<\/strong><\/span><br \/>\nRen\u00e9 Pant\u00fa\u010dek<\/p>\n<p>0910 801 368<br \/>\nrene.pantucek@generalplastic.sk<\/p>\n\t\t\t\t\t<\/div>\n\t\t\t\t\t\t<\/div>\n\t\t\t\t<\/div>\n\t\t\t\t\t\t<\/div>\n\t\t\t\t\t<\/div>\n\t\t<\/div>\n\t\t\t\t\t\t\t\t<\/div>\n\t\t\t\t\t<\/div>\n\t\t<\/section>\n\t\t\t\t<section class=\"elementor-section elementor-inner-section elementor-element elementor-element-870a22d elementor-section-boxed elementor-section-height-default elementor-section-height-default\" data-id=\"870a22d\" data-element_type=\"section\">\n\t\t\t\t\t\t<div class=\"elementor-container elementor-column-gap-extended\">\n\t\t\t\t\t\t\t<div class=\"elementor-row\">\n\t\t\t\t\t<div class=\"elementor-column elementor-col-100 elementor-inner-column elementor-element elementor-element-a8542d1\" data-id=\"a8542d1\" data-element_type=\"column\">\n\t\t\t<div class=\"elementor-column-wrap elementor-element-populated\">\n\t\t\t\t\t\t\t<div class=\"elementor-widget-wrap\">\n\t\t\t\t\t\t<div class=\"elementor-element elementor-element-68f77b0 elementor-widget elementor-widget-text-editor\" data-id=\"68f77b0\" data-element_type=\"widget\" data-widget_type=\"text-editor.default\">\n\t\t\t\t<div class=\"elementor-widget-container\">\n\t\t\t\t\t\t\t\t<div class=\"elementor-text-editor elementor-clearfix\">\n\t\t\t\t<p><span style=\"color: #1c4594;\"><strong>Finanzieller Rahmen<\/strong><\/span><br>\nMichal \u0160insk\u00fd<\/p>\n<p>+421 917 430 888<br>\nmichal.sinsky@generalplastic.sk<\/p>\t\t\t\t\t<\/div>\n\t\t\t\t\t\t<\/div>\n\t\t\t\t<\/div>\n\t\t\t\t\t\t<\/div>\n\t\t\t\t\t<\/div>\n\t\t<\/div>\n\t\t\t\t\t\t\t\t<\/div>\n\t\t\t\t\t<\/div>\n\t\t<\/section>\n\t\t\t\t\t\t<\/div>\n\t\t\t\t\t<\/div>\n\t\t<\/div>\n\t\t\t\t\t\t\t\t<\/div>\n\t\t\t\t\t<\/div>\n\t\t<\/section>\n\t\t\t\t<section class=\"elementor-section elementor-top-section elementor-element elementor-element-09656e7 elementor-section-boxed elementor-section-height-default elementor-section-height-default\" data-id=\"09656e7\" data-element_type=\"section\">\n\t\t\t\t\t\t<div class=\"elementor-container elementor-column-gap-default\">\n\t\t\t\t\t\t\t<div class=\"elementor-row\">\n\t\t\t\t\t<div class=\"elementor-column elementor-col-50 elementor-top-column elementor-element elementor-element-ce0ade8\" data-id=\"ce0ade8\" data-element_type=\"column\">\n\t\t\t<div class=\"elementor-column-wrap elementor-element-populated\">\n\t\t\t\t\t\t\t<div class=\"elementor-widget-wrap\">\n\t\t\t\t\t\t<div class=\"elementor-element elementor-element-b524d2e elementor-widget elementor-widget-heading\" data-id=\"b524d2e\" data-element_type=\"widget\" data-widget_type=\"heading.default\">\n\t\t\t\t<div class=\"elementor-widget-container\">\n\t\t\t<h2 class=\"elementor-heading-title elementor-size-default\">Angaben zur Rechnungsstellung und Eintragung<\/h2>\t\t<\/div>\n\t\t\t\t<\/div>\n\t\t\t\t<section class=\"elementor-section elementor-inner-section elementor-element elementor-element-2fc47aa elementor-section-boxed elementor-section-height-default elementor-section-height-default\" data-id=\"2fc47aa\" data-element_type=\"section\">\n\t\t\t\t\t\t<div class=\"elementor-container elementor-column-gap-extended\">\n\t\t\t\t\t\t\t<div class=\"elementor-row\">\n\t\t\t\t\t<div class=\"elementor-column elementor-col-50 elementor-inner-column elementor-element elementor-element-03d8ad3\" data-id=\"03d8ad3\" data-element_type=\"column\">\n\t\t\t<div class=\"elementor-column-wrap elementor-element-populated\">\n\t\t\t\t\t\t\t<div class=\"elementor-widget-wrap\">\n\t\t\t\t\t\t<div class=\"elementor-element elementor-element-2eabb20 elementor-widget elementor-widget-text-editor\" data-id=\"2eabb20\" data-element_type=\"widget\" data-widget_type=\"text-editor.default\">\n\t\t\t\t<div class=\"elementor-widget-container\">\n\t\t\t\t\t\t\t\t<div class=\"elementor-text-editor elementor-clearfix\">\n\t\t\t\t<p><strong>Name der Gesellschaft:<br \/>\n<\/strong>General Plastic, a.s.<\/p>\n<p><strong>Sitz:<br \/>\n<\/strong>Priemyseln\u00fd are\u00e1l 3677<br \/>\n946 03 Kol\u00e1rovo<br \/>\nSlovensk\u00e1 republika<\/p>\n\t\t\t\t\t<\/div>\n\t\t\t\t\t\t<\/div>\n\t\t\t\t<\/div>\n\t\t\t\t\t\t<\/div>\n\t\t\t\t\t<\/div>\n\t\t<\/div>\n\t\t\t\t<div class=\"elementor-column elementor-col-50 elementor-inner-column elementor-element elementor-element-09af712\" data-id=\"09af712\" data-element_type=\"column\">\n\t\t\t<div class=\"elementor-column-wrap elementor-element-populated\">\n\t\t\t\t\t\t\t<div class=\"elementor-widget-wrap\">\n\t\t\t\t\t\t<div class=\"elementor-element elementor-element-df2605d elementor-widget elementor-widget-text-editor\" data-id=\"df2605d\" data-element_type=\"widget\" data-widget_type=\"text-editor.default\">\n\t\t\t\t<div class=\"elementor-widget-container\">\n\t\t\t\t\t\t\t\t<div class=\"elementor-text-editor elementor-clearfix\">\n\t\t\t\t<strong>Registration Nr.:<\/strong> 36 547 301\r\n<strong>MwSt Nr.::<\/strong> SK2020161385\t\t\t\t\t<\/div>\n\t\t\t\t\t\t<\/div>\n\t\t\t\t<\/div>\n\t\t\t\t\t\t<\/div>\n\t\t\t\t\t<\/div>\n\t\t<\/div>\n\t\t\t\t\t\t\t\t<\/div>\n\t\t\t\t\t<\/div>\n\t\t<\/section>\n\t\t\t\t\t\t<\/div>\n\t\t\t\t\t<\/div>\n\t\t<\/div>\n\t\t\t\t<div class=\"elementor-column elementor-col-50 elementor-top-column elementor-element elementor-element-cbcb29f\" data-id=\"cbcb29f\" data-element_type=\"column\">\n\t\t\t<div class=\"elementor-column-wrap elementor-element-populated\">\n\t\t\t\t\t\t\t<div class=\"elementor-widget-wrap\">\n\t\t\t\t\t\t<div class=\"elementor-element elementor-element-5744e15 elementor-widget elementor-widget-heading\" data-id=\"5744e15\" data-element_type=\"widget\" data-widget_type=\"heading.default\">\n\t\t\t\t<div class=\"elementor-widget-container\">\n\t\t\t<h2 class=\"elementor-heading-title elementor-size-default\">Beladen und Entladen von Werkstoff<\/h2>\t\t<\/div>\n\t\t\t\t<\/div>\n\t\t\t\t<section class=\"elementor-section elementor-inner-section elementor-element elementor-element-c75ed8b elementor-section-boxed elementor-section-height-default elementor-section-height-default\" data-id=\"c75ed8b\" data-element_type=\"section\">\n\t\t\t\t\t\t<div class=\"elementor-container elementor-column-gap-extended\">\n\t\t\t\t\t\t\t<div class=\"elementor-row\">\n\t\t\t\t\t<div class=\"elementor-column elementor-col-100 elementor-inner-column elementor-element elementor-element-1189f10\" data-id=\"1189f10\" data-element_type=\"column\">\n\t\t\t<div class=\"elementor-column-wrap elementor-element-populated\">\n\t\t\t\t\t\t\t<div class=\"elementor-widget-wrap\">\n\t\t\t\t\t\t<div class=\"elementor-element elementor-element-8ea814b elementor-widget elementor-widget-text-editor\" data-id=\"8ea814b\" data-element_type=\"widget\" data-widget_type=\"text-editor.default\">\n\t\t\t\t<div class=\"elementor-widget-container\">\n\t\t\t\t\t\t\t\t<div class=\"elementor-text-editor elementor-clearfix\">\n\t\t\t\t<p><strong>Werktage:<\/strong><br \/>\nod 7:00 do 14:00 Uhr<\/p>\n<p>bzw. nach Vereinbarung.<\/p>\n\t\t\t\t\t<\/div>\n\t\t\t\t\t\t<\/div>\n\t\t\t\t<\/div>\n\t\t\t\t\t\t<\/div>\n\t\t\t\t\t<\/div>\n\t\t<\/div>\n\t\t\t\t\t\t\t\t<\/div>\n\t\t\t\t\t<\/div>\n\t\t<\/section>\n\t\t\t\t\t\t<\/div>\n\t\t\t\t\t<\/div>\n\t\t<\/div>\n\t\t\t\t\t\t\t\t<\/div>\n\t\t\t\t\t<\/div>\n\t\t<\/section>\n\t\t\t\t<section class=\"elementor-section elementor-top-section elementor-element elementor-element-c890929 elementor-section-full_width elementor-section-height-min-height elementor-section-height-default elementor-section-items-middle\" data-id=\"c890929\" data-element_type=\"section\">\n\t\t\t\t\t\t<div class=\"elementor-container elementor-column-gap-default\">\n\t\t\t\t\t\t\t<div class=\"elementor-row\">\n\t\t\t\t\t<div class=\"elementor-column elementor-col-50 elementor-top-column elementor-element elementor-element-19e0bec\" data-id=\"19e0bec\" data-element_type=\"column\">\n\t\t\t<div class=\"elementor-column-wrap elementor-element-populated\">\n\t\t\t\t\t\t\t<div class=\"elementor-widget-wrap\">\n\t\t\t\t\t\t<div class=\"elementor-element elementor-element-dd59cad elementor-widget elementor-widget-google_maps\" data-id=\"dd59cad\" data-element_type=\"widget\" data-widget_type=\"google_maps.default\">\n\t\t\t\t<div class=\"elementor-widget-container\">\n\t\t\t\t\t<div class=\"elementor-custom-embed\">\n\t\t\t<iframe loading=\"lazy\"\n\t\t\t\t\tsrc=\"https:\/\/maps.google.com\/maps?q=Premyslen%C3%BD%20are%C3%A1l%203677%2C%20946%2003%20Kol%C3%A1rovo&#038;t=m&#038;z=12&#038;output=embed&#038;iwloc=near\"\n\t\t\t\t\ttitle=\"Premyslen\u00fd are\u00e1l 3677, 946 03 Kol\u00e1rovo\"\n\t\t\t\t\taria-label=\"Premyslen\u00fd are\u00e1l 3677, 946 03 Kol\u00e1rovo\"\n\t\t\t><\/iframe>\n\t\t<\/div>\n\t\t\t\t<\/div>\n\t\t\t\t<\/div>\n\t\t\t\t\t\t<\/div>\n\t\t\t\t\t<\/div>\n\t\t<\/div>\n\t\t\t\t<div class=\"elementor-column elementor-col-50 elementor-top-column elementor-element elementor-element-5a16c55\" data-id=\"5a16c55\" data-element_type=\"column\" data-settings=\"{&quot;background_background&quot;:&quot;classic&quot;}\">\n\t\t\t<div class=\"elementor-column-wrap elementor-element-populated\">\n\t\t\t\t\t\t\t<div class=\"elementor-widget-wrap\">\n\t\t\t\t\t\t<div class=\"elementor-element elementor-element-64ac05e elementor-widget elementor-widget-spacer\" data-id=\"64ac05e\" data-element_type=\"widget\" data-widget_type=\"spacer.default\">\n\t\t\t\t<div class=\"elementor-widget-container\">\n\t\t\t\t\t<div class=\"elementor-spacer\">\n\t\t\t<div class=\"elementor-spacer-inner\"><\/div>\n\t\t<\/div>\n\t\t\t\t<\/div>\n\t\t\t\t<\/div>\n\t\t\t\t\t\t<\/div>\n\t\t\t\t\t<\/div>\n\t\t<\/div>\n\t\t\t\t\t\t\t\t<\/div>\n\t\t\t\t\t<\/div>\n\t\t<\/section>\n\t\t\t\t\t\t\t\t\t<\/div>\n\t\t\t<\/div>\n\t\t\t\t\t<\/div>\n\t\t","protected":false},"excerpt":{"rendered":"<p>Kontaktiere uns +421 917 125 033, info@generalplastic.sk Gesch\u00e4ftsleitung Generaldirektor Franti\u0161ek Dole\u017eal 0903 775 126 frantisek.dolezal@generalplastic.sk Kaufm\u00e4nnischer Leiter Miroslav Lukni\u0161 0903 256 792 miroslav.luknis@generalplastic.sk Direktor f\u00fcr Produktion Ren\u00e9 Pant\u00fa\u010dek 0910 801 368 rene.pantucek@generalplastic.sk Finanzieller Rahmen Michal \u0160insk\u00fd +421 917 430 888 michal.sinsky@generalplastic.sk Angaben zur Rechnungsstellung und Eintragung Name der Gesellschaft: General Plastic, a.s. Sitz: Priemyseln\u00fd are\u00e1l [&hellip;]<\/p>\n","protected":false},"author":1,"featured_media":0,"parent":0,"menu_order":0,"comment_status":"closed","ping_status":"closed","template":"","meta":{"_uag_custom_page_level_css":""},"yoast_head":"<!-- This site is optimized with the Yoast SEO plugin v20.5 - https:\/\/yoast.com\/wordpress\/plugins\/seo\/ -->\n<title>Kontakt | General Plastic<\/title>\n<meta name=\"description\" content=\"General Plastic, a.s. - Priemyseln\u00fd are\u00e1l 3677, 946 03 Kol\u00e1rovo\" \/>\n<meta name=\"robots\" content=\"index, follow, max-snippet:-1, max-image-preview:large, max-video-preview:-1\" \/>\n<link rel=\"canonical\" href=\"https:\/\/generalplastic.sk\/kontakt\/\" \/>\n<meta property=\"og:locale\" content=\"de_DE\" \/>\n<meta property=\"og:type\" content=\"article\" \/>\n<meta property=\"og:title\" content=\"Kontakt | General Plastic\" \/>\n<meta property=\"og:description\" content=\"General Plastic, a.s. - Priemyseln\u00fd are\u00e1l 3677, 946 03 Kol\u00e1rovo\" \/>\n<meta property=\"og:url\" content=\"https:\/\/generalplastic.sk\/kontakt\/\" \/>\n<meta property=\"og:site_name\" content=\"General Plastic\" \/>\n<meta property=\"article:modified_time\" content=\"2025-05-14T12:46:35+00:00\" \/>\n<meta name=\"twitter:card\" content=\"summary_large_image\" \/>\n<meta name=\"twitter:label1\" content=\"Gesch\u00e4tzte Lesezeit\" \/>\n\t<meta name=\"twitter:data1\" content=\"1\u00a0Minute\" \/>\n<script type=\"application\/ld+json\" class=\"yoast-schema-graph\">{\"@context\":\"https:\/\/schema.org\",\"@graph\":[{\"@type\":\"WebPage\",\"@id\":\"https:\/\/generalplastic.sk\/kontakt\/\",\"url\":\"https:\/\/generalplastic.sk\/kontakt\/\",\"name\":\"Kontakt | General Plastic\",\"isPartOf\":{\"@id\":\"https:\/\/generalplastic.sk\/#website\"},\"datePublished\":\"2020-07-08T09:07:27+00:00\",\"dateModified\":\"2025-05-14T12:46:35+00:00\",\"description\":\"General Plastic, a.s. - Priemyseln\u00fd are\u00e1l 3677, 946 03 Kol\u00e1rovo\",\"breadcrumb\":{\"@id\":\"https:\/\/generalplastic.sk\/kontakt\/#breadcrumb\"},\"inLanguage\":\"de\",\"potentialAction\":[{\"@type\":\"ReadAction\",\"target\":[\"https:\/\/generalplastic.sk\/kontakt\/\"]}]},{\"@type\":\"BreadcrumbList\",\"@id\":\"https:\/\/generalplastic.sk\/kontakt\/#breadcrumb\",\"itemListElement\":[{\"@type\":\"ListItem\",\"position\":1,\"name\":\"Domovsk\u00e1 str\u00e1nka\",\"item\":\"https:\/\/generalplastic.sk\/pl\/\"},{\"@type\":\"ListItem\",\"position\":2,\"name\":\"Kontakt\"}]},{\"@type\":\"WebSite\",\"@id\":\"https:\/\/generalplastic.sk\/#website\",\"url\":\"https:\/\/generalplastic.sk\/\",\"name\":\"General Plastic\",\"description\":\"\",\"potentialAction\":[{\"@type\":\"SearchAction\",\"target\":{\"@type\":\"EntryPoint\",\"urlTemplate\":\"https:\/\/generalplastic.sk\/?s={search_term_string}\"},\"query-input\":\"required name=search_term_string\"}],\"inLanguage\":\"de\"}]}<\/script>\n<!-- \/ Yoast SEO plugin. -->","yoast_head_json":{"title":"Kontakt | General Plastic","description":"General Plastic, a.s. - Priemyseln\u00fd are\u00e1l 3677, 946 03 Kol\u00e1rovo","robots":{"index":"index","follow":"follow","max-snippet":"max-snippet:-1","max-image-preview":"max-image-preview:large","max-video-preview":"max-video-preview:-1"},"canonical":"https:\/\/generalplastic.sk\/kontakt\/","og_locale":"de_DE","og_type":"article","og_title":"Kontakt | General Plastic","og_description":"General Plastic, a.s. - Priemyseln\u00fd are\u00e1l 3677, 946 03 Kol\u00e1rovo","og_url":"https:\/\/generalplastic.sk\/kontakt\/","og_site_name":"General Plastic","article_modified_time":"2025-05-14T12:46:35+00:00","twitter_card":"summary_large_image","twitter_misc":{"Gesch\u00e4tzte Lesezeit":"1\u00a0Minute"},"schema":{"@context":"https:\/\/schema.org","@graph":[{"@type":"WebPage","@id":"https:\/\/generalplastic.sk\/kontakt\/","url":"https:\/\/generalplastic.sk\/kontakt\/","name":"Kontakt | General Plastic","isPartOf":{"@id":"https:\/\/generalplastic.sk\/#website"},"datePublished":"2020-07-08T09:07:27+00:00","dateModified":"2025-05-14T12:46:35+00:00","description":"General Plastic, a.s. - Priemyseln\u00fd are\u00e1l 3677, 946 03 Kol\u00e1rovo","breadcrumb":{"@id":"https:\/\/generalplastic.sk\/kontakt\/#breadcrumb"},"inLanguage":"de","potentialAction":[{"@type":"ReadAction","target":["https:\/\/generalplastic.sk\/kontakt\/"]}]},{"@type":"BreadcrumbList","@id":"https:\/\/generalplastic.sk\/kontakt\/#breadcrumb","itemListElement":[{"@type":"ListItem","position":1,"name":"Domovsk\u00e1 str\u00e1nka","item":"https:\/\/generalplastic.sk\/pl\/"},{"@type":"ListItem","position":2,"name":"Kontakt"}]},{"@type":"WebSite","@id":"https:\/\/generalplastic.sk\/#website","url":"https:\/\/generalplastic.sk\/","name":"General Plastic","description":"","potentialAction":[{"@type":"SearchAction","target":{"@type":"EntryPoint","urlTemplate":"https:\/\/generalplastic.sk\/?s={search_term_string}"},"query-input":"required name=search_term_string"}],"inLanguage":"de"}]}},"uagb_featured_image_src":{"full":false,"thumbnail":false,"medium":false,"medium_large":false,"large":false,"1536x1536":false,"2048x2048":false},"uagb_author_info":{"display_name":"mikulasbeskyd","author_link":"https:\/\/generalplastic.sk\/de\/author\/mikulasbeskyd\/"},"uagb_comment_info":0,"uagb_excerpt":"Kontaktiere uns +421 917 125 033, info@generalplastic.sk Gesch\u00e4ftsleitung Generaldirektor Franti\u0161ek Dole\u017eal 0903 775 126 frantisek.dolezal@generalplastic.sk Kaufm\u00e4nnischer Leiter Miroslav Lukni\u0161 0903 256 792 miroslav.luknis@generalplastic.sk Direktor f\u00fcr Produktion Ren\u00e9 Pant\u00fa\u010dek 0910 801 368 rene.pantucek@generalplastic.sk Finanzieller Rahmen Michal \u0160insk\u00fd +421 917 430 888 michal.sinsky@generalplastic.sk Angaben zur Rechnungsstellung und Eintragung Name der Gesellschaft: General Plastic, a.s. Sitz: Priemyseln\u00fd are\u00e1l&hellip;","_links":{"self":[{"href":"https:\/\/generalplastic.sk\/de\/wp-json\/wp\/v2\/pages\/1366"}],"collection":[{"href":"https:\/\/generalplastic.sk\/de\/wp-json\/wp\/v2\/pages"}],"about":[{"href":"https:\/\/generalplastic.sk\/de\/wp-json\/wp\/v2\/types\/page"}],"author":[{"embeddable":true,"href":"https:\/\/generalplastic.sk\/de\/wp-json\/wp\/v2\/users\/1"}],"replies":[{"embeddable":true,"href":"https:\/\/generalplastic.sk\/de\/wp-json\/wp\/v2\/comments?post=1366"}],"version-history":[{"count":15,"href":"https:\/\/generalplastic.sk\/de\/wp-json\/wp\/v2\/pages\/1366\/revisions"}],"predecessor-version":[{"id":3996,"href":"https:\/\/generalplastic.sk\/de\/wp-json\/wp\/v2\/pages\/1366\/revisions\/3996"}],"wp:attachment":[{"href":"https:\/\/generalplastic.sk\/de\/wp-json\/wp\/v2\/media?parent=1366"}],"curies":[{"name":"wp","href":"https:\/\/api.w.org\/{rel}","templated":true}]}}