{"id":1360,"date":"2020-07-08T10:41:23","date_gmt":"2020-07-08T08:41:23","guid":{"rendered":"http:\/\/generalplastic.melonberries.sk\/termekek\/"},"modified":"2023-02-24T10:39:56","modified_gmt":"2023-02-24T09:39:56","slug":"termekek","status":"publish","type":"page","link":"https:\/\/generalplastic.sk\/hu\/termekek\/","title":{"rendered":"Term\u00e9kek"},"content":{"rendered":"\t\t<div data-elementor-type=\"wp-page\" data-elementor-id=\"1360\" class=\"elementor elementor-1360 elementor-564\">\n\t\t\t\t\t\t<div class=\"elementor-inner\">\n\t\t\t\t<div class=\"elementor-section-wrap\">\n\t\t\t\t\t\t\t\t\t<section class=\"elementor-section elementor-top-section elementor-element elementor-element-342dce00 elementor-reverse-mobile elementor-section-boxed elementor-section-height-default elementor-section-height-default\" data-id=\"342dce00\" data-element_type=\"section\">\n\t\t\t\t\t\t<div class=\"elementor-container elementor-column-gap-wide\">\n\t\t\t\t\t\t\t<div class=\"elementor-row\">\n\t\t\t\t\t<div class=\"elementor-column elementor-col-25 elementor-top-column elementor-element elementor-element-22bab242\" data-id=\"22bab242\" data-element_type=\"column\">\n\t\t\t<div class=\"elementor-column-wrap elementor-element-populated\">\n\t\t\t\t\t\t\t<div class=\"elementor-widget-wrap\">\n\t\t\t\t\t\t<section class=\"elementor-section elementor-inner-section elementor-element elementor-element-5bf9c5e5 elementor-section-height-min-height hover-services elementor-section-boxed elementor-section-height-default\" data-id=\"5bf9c5e5\" data-element_type=\"section\" data-settings=\"{&quot;background_background&quot;:&quot;classic&quot;}\">\n\t\t\t\t\t\t<div class=\"elementor-container elementor-column-gap-default\">\n\t\t\t\t\t\t\t<div class=\"elementor-row\">\n\t\t\t\t\t<div class=\"elementor-column elementor-col-100 elementor-inner-column elementor-element elementor-element-2bc5bb9d\" data-id=\"2bc5bb9d\" data-element_type=\"column\">\n\t\t\t<div class=\"elementor-column-wrap elementor-element-populated\">\n\t\t\t\t\t\t\t<div class=\"elementor-widget-wrap\">\n\t\t\t\t\t\t<div class=\"elementor-element elementor-element-4feab326 elementor-widget elementor-widget-heading\" data-id=\"4feab326\" data-element_type=\"widget\" data-widget_type=\"heading.default\">\n\t\t\t\t<div class=\"elementor-widget-container\">\n\t\t\t<h2 class=\"elementor-heading-title elementor-size-default\">PET pelyhek gy\u00e1rt\u00e1sa<\/h2>\t\t<\/div>\n\t\t\t\t<\/div>\n\t\t\t\t\t\t<\/div>\n\t\t\t\t\t<\/div>\n\t\t<\/div>\n\t\t\t\t\t\t\t\t<\/div>\n\t\t\t\t\t<\/div>\n\t\t<\/section>\n\t\t\t\t<section class=\"elementor-section elementor-inner-section elementor-element elementor-element-76e3b0a2 elementor-section-height-min-height hover-services elementor-section-boxed elementor-section-height-default\" data-id=\"76e3b0a2\" data-element_type=\"section\" data-settings=\"{&quot;background_background&quot;:&quot;classic&quot;}\">\n\t\t\t\t\t\t<div class=\"elementor-container elementor-column-gap-default\">\n\t\t\t\t\t\t\t<div class=\"elementor-row\">\n\t\t\t\t\t<div class=\"elementor-column elementor-col-100 elementor-inner-column elementor-element elementor-element-5a4f3aa4\" data-id=\"5a4f3aa4\" data-element_type=\"column\">\n\t\t\t<div class=\"elementor-column-wrap elementor-element-populated\">\n\t\t\t\t\t\t\t<div class=\"elementor-widget-wrap\">\n\t\t\t\t\t\t<div class=\"elementor-element elementor-element-4657395f elementor-widget elementor-widget-heading\" data-id=\"4657395f\" data-element_type=\"widget\" data-widget_type=\"heading.default\">\n\t\t\t\t<div class=\"elementor-widget-container\">\n\t\t\t<h2 class=\"elementor-heading-title elementor-size-default\">\u00c9lelmiszer-min\u0151s\u00e9g\u0171 PET regranul\u00e1tum gy\u00e1rt\u00e1sa<\/h2>\t\t<\/div>\n\t\t\t\t<\/div>\n\t\t\t\t\t\t<\/div>\n\t\t\t\t\t<\/div>\n\t\t<\/div>\n\t\t\t\t\t\t\t\t<\/div>\n\t\t\t\t\t<\/div>\n\t\t<\/section>\n\t\t\t\t\t\t<\/div>\n\t\t\t\t\t<\/div>\n\t\t<\/div>\n\t\t\t\t<div class=\"elementor-column elementor-col-25 elementor-top-column elementor-element elementor-element-b0583d1\" data-id=\"b0583d1\" data-element_type=\"column\">\n\t\t\t<div class=\"elementor-column-wrap elementor-element-populated\">\n\t\t\t\t\t\t\t<div class=\"elementor-widget-wrap\">\n\t\t\t\t\t\t<section class=\"elementor-section elementor-inner-section elementor-element elementor-element-285c128c elementor-section-height-min-height hover-services elementor-section-boxed elementor-section-height-default\" data-id=\"285c128c\" data-element_type=\"section\" data-settings=\"{&quot;background_background&quot;:&quot;classic&quot;}\">\n\t\t\t\t\t\t<div class=\"elementor-container elementor-column-gap-default\">\n\t\t\t\t\t\t\t<div class=\"elementor-row\">\n\t\t\t\t\t<div class=\"elementor-column elementor-col-100 elementor-inner-column elementor-element elementor-element-1f8db284\" data-id=\"1f8db284\" data-element_type=\"column\">\n\t\t\t<div class=\"elementor-column-wrap elementor-element-populated\">\n\t\t\t\t\t\t\t<div class=\"elementor-widget-wrap\">\n\t\t\t\t\t\t<div class=\"elementor-element elementor-element-4fb643d9 elementor-widget elementor-widget-heading\" data-id=\"4fb643d9\" data-element_type=\"widget\" data-widget_type=\"heading.default\">\n\t\t\t\t<div class=\"elementor-widget-container\">\n\t\t\t<h2 class=\"elementor-heading-title elementor-size-default\">PET el\u0151form\u00e1k gy\u00e1rt\u00e1sa<\/h2>\t\t<\/div>\n\t\t\t\t<\/div>\n\t\t\t\t\t\t<\/div>\n\t\t\t\t\t<\/div>\n\t\t<\/div>\n\t\t\t\t\t\t\t\t<\/div>\n\t\t\t\t\t<\/div>\n\t\t<\/section>\n\t\t\t\t<section class=\"elementor-section elementor-inner-section elementor-element elementor-element-6c961bff elementor-section-height-min-height sluzby elementor-hidden-desktop elementor-hidden-tablet elementor-hidden-mobile elementor-section-boxed elementor-section-height-default\" data-id=\"6c961bff\" data-element_type=\"section\" id=\"sluzby-hover\" data-settings=\"{&quot;background_background&quot;:&quot;classic&quot;}\">\n\t\t\t\t\t\t<div class=\"elementor-container elementor-column-gap-default\">\n\t\t\t\t\t\t\t<div class=\"elementor-row\">\n\t\t\t\t\t<div class=\"make-column-clickable-elementor elementor-column elementor-col-100 elementor-inner-column elementor-element elementor-element-43a4c8b1\" style=\"cursor: pointer;\" data-column-clickable=\"https:\/\/generalplastic.sk\/vyroba-hdpe-uzaverov\/\" data-column-clickable-blank=\"_self\" data-id=\"43a4c8b1\" data-element_type=\"column\">\n\t\t\t<div class=\"elementor-column-wrap elementor-element-populated\">\n\t\t\t\t\t\t\t<div class=\"elementor-widget-wrap\">\n\t\t\t\t\t\t<div class=\"elementor-element elementor-element-caf027b elementor-widget elementor-widget-heading\" data-id=\"caf027b\" data-element_type=\"widget\" data-widget_type=\"heading.default\">\n\t\t\t\t<div class=\"elementor-widget-container\">\n\t\t\t<h2 class=\"elementor-heading-title elementor-size-default\">HDPE kupakok gy\u00e1rt\u00e1sa<\/h2>\t\t<\/div>\n\t\t\t\t<\/div>\n\t\t\t\t\t\t<\/div>\n\t\t\t\t\t<\/div>\n\t\t<\/div>\n\t\t\t\t\t\t\t\t<\/div>\n\t\t\t\t\t<\/div>\n\t\t<\/section>\n\t\t\t\t\t\t<\/div>\n\t\t\t\t\t<\/div>\n\t\t<\/div>\n\t\t\t\t<div class=\"elementor-column elementor-col-50 elementor-top-column elementor-element elementor-element-66883255\" data-id=\"66883255\" data-element_type=\"column\">\n\t\t\t<div class=\"elementor-column-wrap elementor-element-populated\">\n\t\t\t\t\t\t\t<div class=\"elementor-widget-wrap\">\n\t\t\t\t\t\t<div class=\"elementor-element elementor-element-5908bfa elementor-widget elementor-widget-heading\" data-id=\"5908bfa\" data-element_type=\"widget\" data-widget_type=\"heading.default\">\n\t\t\t\t<div class=\"elementor-widget-container\">\n\t\t\t<h2 class=\"elementor-heading-title elementor-size-default\">Term\u00e9kek \u00e9s szolg\u00e1ltat\u00e1sok<\/h2>\t\t<\/div>\n\t\t\t\t<\/div>\n\t\t\t\t<div class=\"elementor-element elementor-element-431a1fc7 elementor-widget elementor-widget-text-editor\" data-id=\"431a1fc7\" data-element_type=\"widget\" data-widget_type=\"text-editor.default\">\n\t\t\t\t<div class=\"elementor-widget-container\">\n\t\t\t\t\t\t\t\t<div class=\"elementor-text-editor elementor-clearfix\">\n\t\t\t\tA melegen mosott PET-pelyhek vezet\u0151 gy\u00e1rt\u00f3ja vagyunk, \u00e9s az egyetlen \u00e9lelmiszer-min\u0151s\u00e9g\u0171 PET-regranul\u00e1tum \u00e9s PET-el\u0151forma gy\u00e1rt\u00f3 Szlov\u00e1ki\u00e1ban. A haszn\u00e1lt PET-palackokat \u00fajrahasznos\u00edtjuk, \u00e9s \u00fajrahasznos\u00edtott term\u00e9keinket a PET-el\u0151form\u00e1k gy\u00e1rt\u00e1s\u00e1hoz haszn\u00e1ljuk.\t\t\t\t\t<\/div>\n\t\t\t\t\t\t<\/div>\n\t\t\t\t<\/div>\n\t\t\t\t\t\t<\/div>\n\t\t\t\t\t<\/div>\n\t\t<\/div>\n\t\t\t\t\t\t\t\t<\/div>\n\t\t\t\t\t<\/div>\n\t\t<\/section>\n\t\t\t\t\t\t\t\t\t<\/div>\n\t\t\t<\/div>\n\t\t\t\t\t<\/div>\n\t\t","protected":false},"excerpt":{"rendered":"<p>PET pelyhek gy\u00e1rt\u00e1sa \u00c9lelmiszer-min\u0151s\u00e9g\u0171 PET regranul\u00e1tum gy\u00e1rt\u00e1sa PET el\u0151form\u00e1k gy\u00e1rt\u00e1sa HDPE kupakok gy\u00e1rt\u00e1sa Term\u00e9kek \u00e9s szolg\u00e1ltat\u00e1sok A melegen mosott PET-pelyhek vezet\u0151 gy\u00e1rt\u00f3ja vagyunk, \u00e9s az egyetlen \u00e9lelmiszer-min\u0151s\u00e9g\u0171 PET-regranul\u00e1tum \u00e9s PET-el\u0151forma gy\u00e1rt\u00f3 Szlov\u00e1ki\u00e1ban. A haszn\u00e1lt PET-palackokat \u00fajrahasznos\u00edtjuk, \u00e9s \u00fajrahasznos\u00edtott term\u00e9keinket a PET-el\u0151form\u00e1k gy\u00e1rt\u00e1s\u00e1hoz haszn\u00e1ljuk.<\/p>\n","protected":false},"author":1,"featured_media":0,"parent":0,"menu_order":0,"comment_status":"closed","ping_status":"closed","template":"","meta":{"_uag_custom_page_level_css":""},"yoast_head":"<!-- This site is optimized with the Yoast SEO plugin v20.5 - https:\/\/yoast.com\/wordpress\/plugins\/seo\/ -->\n<title>Term\u00e9kek \u00e9s szolg\u00e1ltat\u00e1sok | General Plastic<\/title>\n<meta name=\"description\" content=\"Melegen mosott PET pehely el\u0151\u00e1ll\u00edt\u00e1sa, PET el\u0151form\u00e1k el\u0151\u00e1ll\u00edt\u00e1sa, a haszn\u00e1lt PET- palackok \u00fajrahasznos\u00edt\u00e1sa, zsugorod\u00f3 LDPE f\u00f3lia el\u0151\u00e1ll\u00edt\u00e1sa, HDPE kupakok gy\u00e1rt\u00e1sa.\" \/>\n<meta name=\"robots\" content=\"index, follow, max-snippet:-1, max-image-preview:large, max-video-preview:-1\" \/>\n<link rel=\"canonical\" href=\"https:\/\/generalplastic.sk\/hu\/termekek\/\" \/>\n<meta property=\"og:locale\" content=\"hu_HU\" \/>\n<meta property=\"og:type\" content=\"article\" \/>\n<meta property=\"og:title\" content=\"Term\u00e9kek \u00e9s szolg\u00e1ltat\u00e1sok | General Plastic\" \/>\n<meta property=\"og:description\" content=\"Melegen mosott PET pehely el\u0151\u00e1ll\u00edt\u00e1sa, PET el\u0151form\u00e1k el\u0151\u00e1ll\u00edt\u00e1sa, a haszn\u00e1lt PET- palackok \u00fajrahasznos\u00edt\u00e1sa, zsugorod\u00f3 LDPE f\u00f3lia el\u0151\u00e1ll\u00edt\u00e1sa, HDPE kupakok gy\u00e1rt\u00e1sa.\" \/>\n<meta property=\"og:url\" content=\"https:\/\/generalplastic.sk\/hu\/termekek\/\" \/>\n<meta property=\"og:site_name\" content=\"General Plastic\" \/>\n<meta property=\"article:modified_time\" content=\"2023-02-24T09:39:56+00:00\" \/>\n<meta name=\"twitter:card\" content=\"summary_large_image\" \/>\n<meta name=\"twitter:label1\" content=\"Becs\u00fclt olvas\u00e1si id\u0151\" \/>\n\t<meta name=\"twitter:data1\" content=\"1 perc\" \/>\n<script type=\"application\/ld+json\" class=\"yoast-schema-graph\">{\"@context\":\"https:\/\/schema.org\",\"@graph\":[{\"@type\":\"WebPage\",\"@id\":\"https:\/\/generalplastic.sk\/hu\/termekek\/\",\"url\":\"https:\/\/generalplastic.sk\/hu\/termekek\/\",\"name\":\"Term\u00e9kek \u00e9s szolg\u00e1ltat\u00e1sok | General Plastic\",\"isPartOf\":{\"@id\":\"https:\/\/generalplastic.sk\/#website\"},\"datePublished\":\"2020-07-08T08:41:23+00:00\",\"dateModified\":\"2023-02-24T09:39:56+00:00\",\"description\":\"Melegen mosott PET pehely el\u0151\u00e1ll\u00edt\u00e1sa, PET el\u0151form\u00e1k el\u0151\u00e1ll\u00edt\u00e1sa, a haszn\u00e1lt PET- palackok \u00fajrahasznos\u00edt\u00e1sa, zsugorod\u00f3 LDPE f\u00f3lia el\u0151\u00e1ll\u00edt\u00e1sa, HDPE kupakok gy\u00e1rt\u00e1sa.\",\"breadcrumb\":{\"@id\":\"https:\/\/generalplastic.sk\/hu\/termekek\/#breadcrumb\"},\"inLanguage\":\"hu\",\"potentialAction\":[{\"@type\":\"ReadAction\",\"target\":[\"https:\/\/generalplastic.sk\/hu\/termekek\/\"]}]},{\"@type\":\"BreadcrumbList\",\"@id\":\"https:\/\/generalplastic.sk\/hu\/termekek\/#breadcrumb\",\"itemListElement\":[{\"@type\":\"ListItem\",\"position\":1,\"name\":\"Domovsk\u00e1 str\u00e1nka\",\"item\":\"https:\/\/generalplastic.sk\/pl\/\"},{\"@type\":\"ListItem\",\"position\":2,\"name\":\"Term\u00e9kek\"}]},{\"@type\":\"WebSite\",\"@id\":\"https:\/\/generalplastic.sk\/#website\",\"url\":\"https:\/\/generalplastic.sk\/\",\"name\":\"General Plastic\",\"description\":\"\",\"potentialAction\":[{\"@type\":\"SearchAction\",\"target\":{\"@type\":\"EntryPoint\",\"urlTemplate\":\"https:\/\/generalplastic.sk\/?s={search_term_string}\"},\"query-input\":\"required name=search_term_string\"}],\"inLanguage\":\"hu\"}]}<\/script>\n<!-- \/ Yoast SEO plugin. -->","yoast_head_json":{"title":"Term\u00e9kek \u00e9s szolg\u00e1ltat\u00e1sok | General Plastic","description":"Melegen mosott PET pehely el\u0151\u00e1ll\u00edt\u00e1sa, PET el\u0151form\u00e1k el\u0151\u00e1ll\u00edt\u00e1sa, a haszn\u00e1lt PET- palackok \u00fajrahasznos\u00edt\u00e1sa, zsugorod\u00f3 LDPE f\u00f3lia el\u0151\u00e1ll\u00edt\u00e1sa, HDPE kupakok gy\u00e1rt\u00e1sa.","robots":{"index":"index","follow":"follow","max-snippet":"max-snippet:-1","max-image-preview":"max-image-preview:large","max-video-preview":"max-video-preview:-1"},"canonical":"https:\/\/generalplastic.sk\/hu\/termekek\/","og_locale":"hu_HU","og_type":"article","og_title":"Term\u00e9kek \u00e9s szolg\u00e1ltat\u00e1sok | General Plastic","og_description":"Melegen mosott PET pehely el\u0151\u00e1ll\u00edt\u00e1sa, PET el\u0151form\u00e1k el\u0151\u00e1ll\u00edt\u00e1sa, a haszn\u00e1lt PET- palackok \u00fajrahasznos\u00edt\u00e1sa, zsugorod\u00f3 LDPE f\u00f3lia el\u0151\u00e1ll\u00edt\u00e1sa, HDPE kupakok gy\u00e1rt\u00e1sa.","og_url":"https:\/\/generalplastic.sk\/hu\/termekek\/","og_site_name":"General Plastic","article_modified_time":"2023-02-24T09:39:56+00:00","twitter_card":"summary_large_image","twitter_misc":{"Becs\u00fclt olvas\u00e1si id\u0151":"1 perc"},"schema":{"@context":"https:\/\/schema.org","@graph":[{"@type":"WebPage","@id":"https:\/\/generalplastic.sk\/hu\/termekek\/","url":"https:\/\/generalplastic.sk\/hu\/termekek\/","name":"Term\u00e9kek \u00e9s szolg\u00e1ltat\u00e1sok | General Plastic","isPartOf":{"@id":"https:\/\/generalplastic.sk\/#website"},"datePublished":"2020-07-08T08:41:23+00:00","dateModified":"2023-02-24T09:39:56+00:00","description":"Melegen mosott PET pehely el\u0151\u00e1ll\u00edt\u00e1sa, PET el\u0151form\u00e1k el\u0151\u00e1ll\u00edt\u00e1sa, a haszn\u00e1lt PET- palackok \u00fajrahasznos\u00edt\u00e1sa, zsugorod\u00f3 LDPE f\u00f3lia el\u0151\u00e1ll\u00edt\u00e1sa, HDPE kupakok gy\u00e1rt\u00e1sa.","breadcrumb":{"@id":"https:\/\/generalplastic.sk\/hu\/termekek\/#breadcrumb"},"inLanguage":"hu","potentialAction":[{"@type":"ReadAction","target":["https:\/\/generalplastic.sk\/hu\/termekek\/"]}]},{"@type":"BreadcrumbList","@id":"https:\/\/generalplastic.sk\/hu\/termekek\/#breadcrumb","itemListElement":[{"@type":"ListItem","position":1,"name":"Domovsk\u00e1 str\u00e1nka","item":"https:\/\/generalplastic.sk\/pl\/"},{"@type":"ListItem","position":2,"name":"Term\u00e9kek"}]},{"@type":"WebSite","@id":"https:\/\/generalplastic.sk\/#website","url":"https:\/\/generalplastic.sk\/","name":"General Plastic","description":"","potentialAction":[{"@type":"SearchAction","target":{"@type":"EntryPoint","urlTemplate":"https:\/\/generalplastic.sk\/?s={search_term_string}"},"query-input":"required name=search_term_string"}],"inLanguage":"hu"}]}},"uagb_featured_image_src":{"full":false,"thumbnail":false,"medium":false,"medium_large":false,"large":false,"1536x1536":false,"2048x2048":false},"uagb_author_info":{"display_name":"mikulasbeskyd","author_link":"https:\/\/generalplastic.sk\/hu\/author\/mikulasbeskyd\/"},"uagb_comment_info":0,"uagb_excerpt":"PET pelyhek gy\u00e1rt\u00e1sa \u00c9lelmiszer-min\u0151s\u00e9g\u0171 PET regranul\u00e1tum gy\u00e1rt\u00e1sa PET el\u0151form\u00e1k gy\u00e1rt\u00e1sa HDPE kupakok gy\u00e1rt\u00e1sa Term\u00e9kek \u00e9s szolg\u00e1ltat\u00e1sok A melegen mosott PET-pelyhek vezet\u0151 gy\u00e1rt\u00f3ja vagyunk, \u00e9s az egyetlen \u00e9lelmiszer-min\u0151s\u00e9g\u0171 PET-regranul\u00e1tum \u00e9s PET-el\u0151forma gy\u00e1rt\u00f3 Szlov\u00e1ki\u00e1ban. A haszn\u00e1lt PET-palackokat \u00fajrahasznos\u00edtjuk, \u00e9s \u00fajrahasznos\u00edtott term\u00e9keinket a PET-el\u0151form\u00e1k gy\u00e1rt\u00e1s\u00e1hoz haszn\u00e1ljuk.","_links":{"self":[{"href":"https:\/\/generalplastic.sk\/hu\/wp-json\/wp\/v2\/pages\/1360"}],"collection":[{"href":"https:\/\/generalplastic.sk\/hu\/wp-json\/wp\/v2\/pages"}],"about":[{"href":"https:\/\/generalplastic.sk\/hu\/wp-json\/wp\/v2\/types\/page"}],"author":[{"embeddable":true,"href":"https:\/\/generalplastic.sk\/hu\/wp-json\/wp\/v2\/users\/1"}],"replies":[{"embeddable":true,"href":"https:\/\/generalplastic.sk\/hu\/wp-json\/wp\/v2\/comments?post=1360"}],"version-history":[{"count":8,"href":"https:\/\/generalplastic.sk\/hu\/wp-json\/wp\/v2\/pages\/1360\/revisions"}],"predecessor-version":[{"id":3609,"href":"https:\/\/generalplastic.sk\/hu\/wp-json\/wp\/v2\/pages\/1360\/revisions\/3609"}],"wp:attachment":[{"href":"https:\/\/generalplastic.sk\/hu\/wp-json\/wp\/v2\/media?parent=1360"}],"curies":[{"name":"wp","href":"https:\/\/api.w.org\/{rel}","templated":true}]}}