{"id":1845,"date":"2020-09-24T11:34:10","date_gmt":"2020-09-24T09:34:10","guid":{"rendered":"https:\/\/generalplastic.sk\/produkty\/"},"modified":"2023-02-24T10:40:32","modified_gmt":"2023-02-24T09:40:32","slug":"produkty","status":"publish","type":"page","link":"https:\/\/generalplastic.sk\/pl\/produkty\/","title":{"rendered":"Produkty"},"content":{"rendered":"\t\t<div data-elementor-type=\"wp-page\" data-elementor-id=\"1845\" class=\"elementor elementor-1845 elementor-564\">\n\t\t\t\t\t\t<div class=\"elementor-inner\">\n\t\t\t\t<div class=\"elementor-section-wrap\">\n\t\t\t\t\t\t\t\t\t<section class=\"elementor-section elementor-top-section elementor-element elementor-element-342dce00 elementor-reverse-mobile elementor-section-boxed elementor-section-height-default elementor-section-height-default\" data-id=\"342dce00\" data-element_type=\"section\">\n\t\t\t\t\t\t<div class=\"elementor-container elementor-column-gap-wide\">\n\t\t\t\t\t\t\t<div class=\"elementor-row\">\n\t\t\t\t\t<div class=\"elementor-column elementor-col-25 elementor-top-column elementor-element elementor-element-22bab242\" data-id=\"22bab242\" data-element_type=\"column\">\n\t\t\t<div class=\"elementor-column-wrap elementor-element-populated\">\n\t\t\t\t\t\t\t<div class=\"elementor-widget-wrap\">\n\t\t\t\t\t\t<section class=\"elementor-section elementor-inner-section elementor-element elementor-element-5bf9c5e5 elementor-section-height-min-height hover-services elementor-section-boxed elementor-section-height-default\" data-id=\"5bf9c5e5\" data-element_type=\"section\" data-settings=\"{&quot;background_background&quot;:&quot;classic&quot;}\">\n\t\t\t\t\t\t<div class=\"elementor-container elementor-column-gap-default\">\n\t\t\t\t\t\t\t<div class=\"elementor-row\">\n\t\t\t\t\t<div class=\"elementor-column elementor-col-100 elementor-inner-column elementor-element elementor-element-2bc5bb9d\" data-id=\"2bc5bb9d\" data-element_type=\"column\">\n\t\t\t<div class=\"elementor-column-wrap elementor-element-populated\">\n\t\t\t\t\t\t\t<div class=\"elementor-widget-wrap\">\n\t\t\t\t\t\t<div class=\"elementor-element elementor-element-4feab326 elementor-widget elementor-widget-heading\" data-id=\"4feab326\" data-element_type=\"widget\" data-widget_type=\"heading.default\">\n\t\t\t\t<div class=\"elementor-widget-container\">\n\t\t\t<h2 class=\"elementor-heading-title elementor-size-default\">Produkcja<br>p\u0142atk\u00f3w PET <\/h2>\t\t<\/div>\n\t\t\t\t<\/div>\n\t\t\t\t\t\t<\/div>\n\t\t\t\t\t<\/div>\n\t\t<\/div>\n\t\t\t\t\t\t\t\t<\/div>\n\t\t\t\t\t<\/div>\n\t\t<\/section>\n\t\t\t\t<section class=\"elementor-section elementor-inner-section elementor-element elementor-element-76e3b0a2 elementor-section-height-min-height hover-services elementor-section-boxed elementor-section-height-default\" data-id=\"76e3b0a2\" data-element_type=\"section\" data-settings=\"{&quot;background_background&quot;:&quot;classic&quot;}\">\n\t\t\t\t\t\t<div class=\"elementor-container elementor-column-gap-default\">\n\t\t\t\t\t\t\t<div class=\"elementor-row\">\n\t\t\t\t\t<div class=\"elementor-column elementor-col-100 elementor-inner-column elementor-element elementor-element-5a4f3aa4\" data-id=\"5a4f3aa4\" data-element_type=\"column\">\n\t\t\t<div class=\"elementor-column-wrap elementor-element-populated\">\n\t\t\t\t\t\t\t<div class=\"elementor-widget-wrap\">\n\t\t\t\t\t\t<div class=\"elementor-element elementor-element-4657395f elementor-widget elementor-widget-heading\" data-id=\"4657395f\" data-element_type=\"widget\" data-widget_type=\"heading.default\">\n\t\t\t\t<div class=\"elementor-widget-container\">\n\t\t\t<h2 class=\"elementor-heading-title elementor-size-default\">Produkcja regranulatu PET spo\u017cywczego<\/h2>\t\t<\/div>\n\t\t\t\t<\/div>\n\t\t\t\t\t\t<\/div>\n\t\t\t\t\t<\/div>\n\t\t<\/div>\n\t\t\t\t\t\t\t\t<\/div>\n\t\t\t\t\t<\/div>\n\t\t<\/section>\n\t\t\t\t\t\t<\/div>\n\t\t\t\t\t<\/div>\n\t\t<\/div>\n\t\t\t\t<div class=\"elementor-column elementor-col-25 elementor-top-column elementor-element elementor-element-b0583d1\" data-id=\"b0583d1\" data-element_type=\"column\">\n\t\t\t<div class=\"elementor-column-wrap elementor-element-populated\">\n\t\t\t\t\t\t\t<div class=\"elementor-widget-wrap\">\n\t\t\t\t\t\t<section class=\"elementor-section elementor-inner-section elementor-element elementor-element-285c128c elementor-section-height-min-height hover-services elementor-section-boxed elementor-section-height-default\" data-id=\"285c128c\" data-element_type=\"section\" data-settings=\"{&quot;background_background&quot;:&quot;classic&quot;}\">\n\t\t\t\t\t\t<div class=\"elementor-container elementor-column-gap-default\">\n\t\t\t\t\t\t\t<div class=\"elementor-row\">\n\t\t\t\t\t<div class=\"elementor-column elementor-col-100 elementor-inner-column elementor-element elementor-element-1f8db284\" data-id=\"1f8db284\" data-element_type=\"column\">\n\t\t\t<div class=\"elementor-column-wrap elementor-element-populated\">\n\t\t\t\t\t\t\t<div class=\"elementor-widget-wrap\">\n\t\t\t\t\t\t<div class=\"elementor-element elementor-element-4fb643d9 elementor-widget elementor-widget-heading\" data-id=\"4fb643d9\" data-element_type=\"widget\" data-widget_type=\"heading.default\">\n\t\t\t\t<div class=\"elementor-widget-container\">\n\t\t\t<h2 class=\"elementor-heading-title elementor-size-default\">Produkcja<br>preform PET<\/h2>\t\t<\/div>\n\t\t\t\t<\/div>\n\t\t\t\t\t\t<\/div>\n\t\t\t\t\t<\/div>\n\t\t<\/div>\n\t\t\t\t\t\t\t\t<\/div>\n\t\t\t\t\t<\/div>\n\t\t<\/section>\n\t\t\t\t<section class=\"elementor-section elementor-inner-section elementor-element elementor-element-6c961bff elementor-section-height-min-height sluzby elementor-hidden-desktop elementor-hidden-tablet elementor-hidden-mobile elementor-section-boxed elementor-section-height-default\" data-id=\"6c961bff\" data-element_type=\"section\" id=\"sluzby-hover\" data-settings=\"{&quot;background_background&quot;:&quot;classic&quot;}\">\n\t\t\t\t\t\t<div class=\"elementor-container elementor-column-gap-default\">\n\t\t\t\t\t\t\t<div class=\"elementor-row\">\n\t\t\t\t\t<div class=\"make-column-clickable-elementor elementor-column elementor-col-100 elementor-inner-column elementor-element elementor-element-43a4c8b1\" style=\"cursor: pointer;\" data-column-clickable=\"https:\/\/generalplastic.sk\/vyroba-hdpe-uzaverov\/\" data-column-clickable-blank=\"_self\" data-id=\"43a4c8b1\" data-element_type=\"column\">\n\t\t\t<div class=\"elementor-column-wrap elementor-element-populated\">\n\t\t\t\t\t\t\t<div class=\"elementor-widget-wrap\">\n\t\t\t\t\t\t<div class=\"elementor-element elementor-element-caf027b elementor-widget elementor-widget-heading\" data-id=\"caf027b\" data-element_type=\"widget\" data-widget_type=\"heading.default\">\n\t\t\t\t<div class=\"elementor-widget-container\">\n\t\t\t<h2 class=\"elementor-heading-title elementor-size-default\">Produkcja<br>zamkni\u0119\u0107 HDPE<\/h2>\t\t<\/div>\n\t\t\t\t<\/div>\n\t\t\t\t\t\t<\/div>\n\t\t\t\t\t<\/div>\n\t\t<\/div>\n\t\t\t\t\t\t\t\t<\/div>\n\t\t\t\t\t<\/div>\n\t\t<\/section>\n\t\t\t\t\t\t<\/div>\n\t\t\t\t\t<\/div>\n\t\t<\/div>\n\t\t\t\t<div class=\"elementor-column elementor-col-50 elementor-top-column elementor-element elementor-element-66883255\" data-id=\"66883255\" data-element_type=\"column\">\n\t\t\t<div class=\"elementor-column-wrap elementor-element-populated\">\n\t\t\t\t\t\t\t<div class=\"elementor-widget-wrap\">\n\t\t\t\t\t\t<div class=\"elementor-element elementor-element-5908bfa elementor-widget elementor-widget-heading\" data-id=\"5908bfa\" data-element_type=\"widget\" data-widget_type=\"heading.default\">\n\t\t\t\t<div class=\"elementor-widget-container\">\n\t\t\t<h2 class=\"elementor-heading-title elementor-size-default\">Produkty<br>i\u00a0us\u0142ugi<\/h2>\t\t<\/div>\n\t\t\t\t<\/div>\n\t\t\t\t<div class=\"elementor-element elementor-element-431a1fc7 elementor-widget elementor-widget-text-editor\" data-id=\"431a1fc7\" data-element_type=\"widget\" data-widget_type=\"text-editor.default\">\n\t\t\t\t<div class=\"elementor-widget-container\">\n\t\t\t\t\t\t\t\t<div class=\"elementor-text-editor elementor-clearfix\">\n\t\t\t\t<p>Jeste\u015bmy wiod\u0105cym producentem p\u0142atk\u00f3w PET pranych na gor\u0105co i jedynym producentem regranulatu PET przeznaczonego do kontaktu z \u017cywno\u015bci\u0105 oraz preform PET na S\u0142owacji. Przetwarzamy zu\u017cyte butelki PET i wykorzystujemy nasze produkty z recyklingu do produkcji preform PET.<\/p>\t\t\t\t\t<\/div>\n\t\t\t\t\t\t<\/div>\n\t\t\t\t<\/div>\n\t\t\t\t\t\t<\/div>\n\t\t\t\t\t<\/div>\n\t\t<\/div>\n\t\t\t\t\t\t\t\t<\/div>\n\t\t\t\t\t<\/div>\n\t\t<\/section>\n\t\t\t\t\t\t\t\t\t<\/div>\n\t\t\t<\/div>\n\t\t\t\t\t<\/div>\n\t\t","protected":false},"excerpt":{"rendered":"<p>Produkcjap\u0142atk\u00f3w PET Produkcja regranulatu PET spo\u017cywczego Produkcjapreform PET Produkcjazamkni\u0119\u0107 HDPE Produktyi\u00a0us\u0142ugi Jeste\u015bmy wiod\u0105cym producentem p\u0142atk\u00f3w PET pranych na gor\u0105co i jedynym producentem regranulatu PET przeznaczonego do kontaktu z \u017cywno\u015bci\u0105 oraz preform PET na S\u0142owacji. Przetwarzamy zu\u017cyte butelki PET i wykorzystujemy nasze produkty z recyklingu do produkcji preform PET.<\/p>\n","protected":false},"author":1,"featured_media":0,"parent":0,"menu_order":0,"comment_status":"closed","ping_status":"closed","template":"","meta":{"_uag_custom_page_level_css":""},"yoast_head":"<!-- This site is optimized with the Yoast SEO plugin v20.5 - https:\/\/yoast.com\/wordpress\/plugins\/seo\/ -->\n<title>Produkty i\u00a0us\u0142ugi | General Plastic<\/title>\n<meta name=\"description\" content=\"Produkcja mytych na gor\u0105co p\u0142atk\u00f3w PET, produkcja preform PET, recykling zu\u017cytych butelek PET, produkcja folii termokurczliwej LDPE, produkcja zamkni\u0119\u0107 HDPE.\" \/>\n<meta name=\"robots\" content=\"index, follow, max-snippet:-1, max-image-preview:large, max-video-preview:-1\" \/>\n<link rel=\"canonical\" href=\"https:\/\/generalplastic.sk\/pl\/produkty\/\" \/>\n<meta property=\"og:locale\" content=\"pl_PL\" \/>\n<meta property=\"og:type\" content=\"article\" \/>\n<meta property=\"og:title\" content=\"Produkty i\u00a0us\u0142ugi | General Plastic\" \/>\n<meta property=\"og:description\" content=\"Produkcja mytych na gor\u0105co p\u0142atk\u00f3w PET, produkcja preform PET, recykling zu\u017cytych butelek PET, produkcja folii termokurczliwej LDPE, produkcja zamkni\u0119\u0107 HDPE.\" \/>\n<meta property=\"og:url\" content=\"https:\/\/generalplastic.sk\/pl\/produkty\/\" \/>\n<meta property=\"og:site_name\" content=\"General Plastic\" \/>\n<meta property=\"article:modified_time\" content=\"2023-02-24T09:40:32+00:00\" \/>\n<meta name=\"twitter:card\" content=\"summary_large_image\" \/>\n<meta name=\"twitter:label1\" content=\"Szacowany czas czytania\" \/>\n\t<meta name=\"twitter:data1\" content=\"1 minuta\" \/>\n<script type=\"application\/ld+json\" class=\"yoast-schema-graph\">{\"@context\":\"https:\/\/schema.org\",\"@graph\":[{\"@type\":\"WebPage\",\"@id\":\"https:\/\/generalplastic.sk\/pl\/produkty\/\",\"url\":\"https:\/\/generalplastic.sk\/pl\/produkty\/\",\"name\":\"Produkty i\u00a0us\u0142ugi | General Plastic\",\"isPartOf\":{\"@id\":\"https:\/\/generalplastic.sk\/#website\"},\"datePublished\":\"2020-09-24T09:34:10+00:00\",\"dateModified\":\"2023-02-24T09:40:32+00:00\",\"description\":\"Produkcja mytych na gor\u0105co p\u0142atk\u00f3w PET, produkcja preform PET, recykling zu\u017cytych butelek PET, produkcja folii termokurczliwej LDPE, produkcja zamkni\u0119\u0107 HDPE.\",\"breadcrumb\":{\"@id\":\"https:\/\/generalplastic.sk\/pl\/produkty\/#breadcrumb\"},\"inLanguage\":\"pl-PL\",\"potentialAction\":[{\"@type\":\"ReadAction\",\"target\":[\"https:\/\/generalplastic.sk\/pl\/produkty\/\"]}]},{\"@type\":\"BreadcrumbList\",\"@id\":\"https:\/\/generalplastic.sk\/pl\/produkty\/#breadcrumb\",\"itemListElement\":[{\"@type\":\"ListItem\",\"position\":1,\"name\":\"Domovsk\u00e1 str\u00e1nka\",\"item\":\"https:\/\/generalplastic.sk\/pl\/\"},{\"@type\":\"ListItem\",\"position\":2,\"name\":\"Produkty\"}]},{\"@type\":\"WebSite\",\"@id\":\"https:\/\/generalplastic.sk\/#website\",\"url\":\"https:\/\/generalplastic.sk\/\",\"name\":\"General Plastic\",\"description\":\"\",\"potentialAction\":[{\"@type\":\"SearchAction\",\"target\":{\"@type\":\"EntryPoint\",\"urlTemplate\":\"https:\/\/generalplastic.sk\/?s={search_term_string}\"},\"query-input\":\"required name=search_term_string\"}],\"inLanguage\":\"pl-PL\"}]}<\/script>\n<!-- \/ Yoast SEO plugin. -->","yoast_head_json":{"title":"Produkty i\u00a0us\u0142ugi | General Plastic","description":"Produkcja mytych na gor\u0105co p\u0142atk\u00f3w PET, produkcja preform PET, recykling zu\u017cytych butelek PET, produkcja folii termokurczliwej LDPE, produkcja zamkni\u0119\u0107 HDPE.","robots":{"index":"index","follow":"follow","max-snippet":"max-snippet:-1","max-image-preview":"max-image-preview:large","max-video-preview":"max-video-preview:-1"},"canonical":"https:\/\/generalplastic.sk\/pl\/produkty\/","og_locale":"pl_PL","og_type":"article","og_title":"Produkty i\u00a0us\u0142ugi | General Plastic","og_description":"Produkcja mytych na gor\u0105co p\u0142atk\u00f3w PET, produkcja preform PET, recykling zu\u017cytych butelek PET, produkcja folii termokurczliwej LDPE, produkcja zamkni\u0119\u0107 HDPE.","og_url":"https:\/\/generalplastic.sk\/pl\/produkty\/","og_site_name":"General Plastic","article_modified_time":"2023-02-24T09:40:32+00:00","twitter_card":"summary_large_image","twitter_misc":{"Szacowany czas czytania":"1 minuta"},"schema":{"@context":"https:\/\/schema.org","@graph":[{"@type":"WebPage","@id":"https:\/\/generalplastic.sk\/pl\/produkty\/","url":"https:\/\/generalplastic.sk\/pl\/produkty\/","name":"Produkty i\u00a0us\u0142ugi | General Plastic","isPartOf":{"@id":"https:\/\/generalplastic.sk\/#website"},"datePublished":"2020-09-24T09:34:10+00:00","dateModified":"2023-02-24T09:40:32+00:00","description":"Produkcja mytych na gor\u0105co p\u0142atk\u00f3w PET, produkcja preform PET, recykling zu\u017cytych butelek PET, produkcja folii termokurczliwej LDPE, produkcja zamkni\u0119\u0107 HDPE.","breadcrumb":{"@id":"https:\/\/generalplastic.sk\/pl\/produkty\/#breadcrumb"},"inLanguage":"pl-PL","potentialAction":[{"@type":"ReadAction","target":["https:\/\/generalplastic.sk\/pl\/produkty\/"]}]},{"@type":"BreadcrumbList","@id":"https:\/\/generalplastic.sk\/pl\/produkty\/#breadcrumb","itemListElement":[{"@type":"ListItem","position":1,"name":"Domovsk\u00e1 str\u00e1nka","item":"https:\/\/generalplastic.sk\/pl\/"},{"@type":"ListItem","position":2,"name":"Produkty"}]},{"@type":"WebSite","@id":"https:\/\/generalplastic.sk\/#website","url":"https:\/\/generalplastic.sk\/","name":"General Plastic","description":"","potentialAction":[{"@type":"SearchAction","target":{"@type":"EntryPoint","urlTemplate":"https:\/\/generalplastic.sk\/?s={search_term_string}"},"query-input":"required name=search_term_string"}],"inLanguage":"pl-PL"}]}},"uagb_featured_image_src":{"full":false,"thumbnail":false,"medium":false,"medium_large":false,"large":false,"1536x1536":false,"2048x2048":false},"uagb_author_info":{"display_name":"mikulasbeskyd","author_link":"https:\/\/generalplastic.sk\/pl\/author\/mikulasbeskyd\/"},"uagb_comment_info":0,"uagb_excerpt":"Produkcjap\u0142atk\u00f3w PET Produkcja regranulatu PET spo\u017cywczego Produkcjapreform PET Produkcjazamkni\u0119\u0107 HDPE Produktyi\u00a0us\u0142ugi Jeste\u015bmy wiod\u0105cym producentem p\u0142atk\u00f3w PET pranych na gor\u0105co i jedynym producentem regranulatu PET przeznaczonego do kontaktu z \u017cywno\u015bci\u0105 oraz preform PET na S\u0142owacji. Przetwarzamy zu\u017cyte butelki PET i wykorzystujemy nasze produkty z recyklingu do produkcji preform PET.","_links":{"self":[{"href":"https:\/\/generalplastic.sk\/pl\/wp-json\/wp\/v2\/pages\/1845"}],"collection":[{"href":"https:\/\/generalplastic.sk\/pl\/wp-json\/wp\/v2\/pages"}],"about":[{"href":"https:\/\/generalplastic.sk\/pl\/wp-json\/wp\/v2\/types\/page"}],"author":[{"embeddable":true,"href":"https:\/\/generalplastic.sk\/pl\/wp-json\/wp\/v2\/users\/1"}],"replies":[{"embeddable":true,"href":"https:\/\/generalplastic.sk\/pl\/wp-json\/wp\/v2\/comments?post=1845"}],"version-history":[{"count":8,"href":"https:\/\/generalplastic.sk\/pl\/wp-json\/wp\/v2\/pages\/1845\/revisions"}],"predecessor-version":[{"id":3612,"href":"https:\/\/generalplastic.sk\/pl\/wp-json\/wp\/v2\/pages\/1845\/revisions\/3612"}],"wp:attachment":[{"href":"https:\/\/generalplastic.sk\/pl\/wp-json\/wp\/v2\/media?parent=1845"}],"curies":[{"name":"wp","href":"https:\/\/api.w.org\/{rel}","templated":true}]}}